{"id":11993,"date":"2023-01-10T22:26:02","date_gmt":"2023-01-10T22:26:02","guid":{"rendered":"https:\/\/softroutine.pt\/website\/?page_id=11993"},"modified":"2025-09-21T22:24:23","modified_gmt":"2025-09-21T22:24:23","slug":"audiovisuais","status":"publish","type":"page","link":"https:\/\/softroutine.pt\/website\/audiovisuais\/","title":{"rendered":"Audiovisuais"},"content":{"rendered":"\t\t<div data-elementor-type=\"wp-page\" data-elementor-id=\"11993\" class=\"elementor elementor-11993\">\n\t\t\t\t\t\t<main class=\"elementor-section elementor-top-section elementor-element elementor-element-7014938f elementor-section-boxed elementor-section-height-default elementor-section-height-default\" data-id=\"7014938f\" data-element_type=\"section\" data-e-type=\"section\">\n\t\t\t\t\t\t<div class=\"elementor-container elementor-column-gap-default\">\n\t\t\t\t\t<div class=\"elementor-column elementor-col-100 elementor-top-column elementor-element elementor-element-1916a6fe\" data-id=\"1916a6fe\" data-element_type=\"column\" data-e-type=\"column\">\n\t\t\t<div class=\"elementor-widget-wrap elementor-element-populated\">\n\t\t\t\t\t\t<div class=\"elementor-element elementor-element-4f374793 elementor-position-top elementor-invisible elementor-widget elementor-widget-image-box\" data-id=\"4f374793\" data-element_type=\"widget\" data-e-type=\"widget\" data-settings=\"{&quot;_animation&quot;:&quot;fadeInDown&quot;}\" data-widget_type=\"image-box.default\">\n\t\t\t\t<div class=\"elementor-widget-container\">\n\t\t\t\t\t<div class=\"elementor-image-box-wrapper\"><figure class=\"elementor-image-box-img\"><img fetchpriority=\"high\" decoding=\"async\" width=\"3780\" height=\"3780\" src=\"https:\/\/softroutine.pt\/website\/wp-content\/uploads\/2025\/02\/Slide2.png\" class=\"elementor-animation-pop attachment-full size-full wp-image-12933\" alt=\"marcas softroutine\" srcset=\"https:\/\/softroutine.pt\/website\/wp-content\/uploads\/2025\/02\/Slide2.png 3780w, https:\/\/softroutine.pt\/website\/wp-content\/uploads\/2025\/02\/Slide2-300x300.png 300w, https:\/\/softroutine.pt\/website\/wp-content\/uploads\/2025\/02\/Slide2-1024x1024.png 1024w, https:\/\/softroutine.pt\/website\/wp-content\/uploads\/2025\/02\/Slide2-150x150.png 150w, https:\/\/softroutine.pt\/website\/wp-content\/uploads\/2025\/02\/Slide2-768x768.png 768w, https:\/\/softroutine.pt\/website\/wp-content\/uploads\/2025\/02\/Slide2-1536x1536.png 1536w, https:\/\/softroutine.pt\/website\/wp-content\/uploads\/2025\/02\/Slide2-2048x2048.png 2048w\" sizes=\"(max-width: 3780px) 100vw, 3780px\" \/><\/figure><div class=\"elementor-image-box-content\"><h3 class=\"elementor-image-box-title\">AUDIOVISUAIS<\/h3><p class=\"elementor-image-box-description\">Servi\u00e7os t\u00e9cnicos, venda e aluguer de equipamentos<\/p><\/div><\/div>\t\t\t\t<\/div>\n\t\t\t\t<\/div>\n\t\t\t\t\t<\/div>\n\t\t<\/div>\n\t\t\t\t\t<\/div>\n\t\t<\/main>\n\t\t\t\t<main class=\"elementor-section elementor-top-section elementor-element elementor-element-84fd895 elementor-section-content-middle elementor-section-boxed elementor-section-height-default elementor-section-height-default\" data-id=\"84fd895\" data-element_type=\"section\" data-e-type=\"section\" data-settings=\"{&quot;shape_divider_top&quot;:&quot;arrow&quot;}\">\n\t\t\t\t\t<div class=\"elementor-shape elementor-shape-top\" aria-hidden=\"true\" data-negative=\"false\">\n\t\t\t<svg xmlns=\"http:\/\/www.w3.org\/2000\/svg\" viewBox=\"0 0 700 10\" preserveAspectRatio=\"none\">\n\t<path class=\"elementor-shape-fill\" d=\"M350,10L340,0h20L350,10z\"\/>\n<\/svg>\t\t<\/div>\n\t\t\t\t\t<div class=\"elementor-container elementor-column-gap-default\">\n\t\t\t\t\t<div class=\"elementor-column elementor-col-50 elementor-top-column elementor-element elementor-element-fb42077\" data-id=\"fb42077\" data-element_type=\"column\" data-e-type=\"column\">\n\t\t\t<div class=\"elementor-widget-wrap elementor-element-populated\">\n\t\t\t\t\t\t<div class=\"elementor-element elementor-element-c5132e6 elementor-invisible elementor-widget elementor-widget-image\" data-id=\"c5132e6\" data-element_type=\"widget\" data-e-type=\"widget\" data-settings=\"{&quot;_animation&quot;:&quot;fadeInRight&quot;}\" data-widget_type=\"image.default\">\n\t\t\t\t<div class=\"elementor-widget-container\">\n\t\t\t\t\t\t\t\t\t\t\t\t\t\t\t<img decoding=\"async\" width=\"1134\" height=\"605\" src=\"https:\/\/softroutine.pt\/website\/wp-content\/uploads\/2023\/01\/softroutine_img_ws-2.jpg\" class=\"attachment-full size-full wp-image-12678\" alt=\"marcas softroutine\" srcset=\"https:\/\/softroutine.pt\/website\/wp-content\/uploads\/2023\/01\/softroutine_img_ws-2.jpg 1134w, https:\/\/softroutine.pt\/website\/wp-content\/uploads\/2023\/01\/softroutine_img_ws-2-600x320.jpg 600w\" sizes=\"(max-width: 1134px) 100vw, 1134px\" \/>\t\t\t\t\t\t\t\t\t\t\t\t\t\t\t<\/div>\n\t\t\t\t<\/div>\n\t\t\t\t\t<\/div>\n\t\t<\/div>\n\t\t\t\t<article class=\"elementor-column elementor-col-50 elementor-top-column elementor-element elementor-element-ad87159\" data-id=\"ad87159\" data-element_type=\"column\" data-e-type=\"column\">\n\t\t\t<div class=\"elementor-widget-wrap elementor-element-populated\">\n\t\t\t\t\t\t<div class=\"elementor-element elementor-element-ab5bf41 elementor-widget elementor-widget-text-editor\" data-id=\"ab5bf41\" data-element_type=\"widget\" data-e-type=\"widget\" data-widget_type=\"text-editor.default\">\n\t\t\t\t<div class=\"elementor-widget-container\">\n\t\t\t\t\t\t\t\t\t<h2>Quem Somos<\/h2><p>Com uma experi\u00eancia de mais de 30 anos, oferecemos aos nossos parceiros um vasto leque de servi\u00e7os.<\/p><p>Trabalhamos com engenheiros, t\u00e9cnicos, gestores de projecto e empresas altamente especializadas nas diversas \u00e1reas abrangidas pelo nosso trabalho.<\/p><p>Garantimos a interoperabilidade dos servi\u00e7os prestados ao cliente atrav\u00e9s da gest\u00e3o efectiva dos recursos necess\u00e1rios.<\/p>\t\t\t\t\t\t\t\t<\/div>\n\t\t\t\t<\/div>\n\t\t\t\t\t<\/div>\n\t\t<\/article>\n\t\t\t\t\t<\/div>\n\t\t<\/main>\n\t\t\t\t<main class=\"elementor-section elementor-top-section elementor-element elementor-element-0b06552 elementor-section-boxed elementor-section-height-default elementor-section-height-default\" data-id=\"0b06552\" data-element_type=\"section\" data-e-type=\"section\" data-settings=\"{&quot;shape_divider_top&quot;:&quot;arrow&quot;}\">\n\t\t\t\t\t<div class=\"elementor-shape elementor-shape-top\" aria-hidden=\"true\" data-negative=\"false\">\n\t\t\t<svg xmlns=\"http:\/\/www.w3.org\/2000\/svg\" viewBox=\"0 0 700 10\" preserveAspectRatio=\"none\">\n\t<path class=\"elementor-shape-fill\" d=\"M350,10L340,0h20L350,10z\"\/>\n<\/svg>\t\t<\/div>\n\t\t\t\t\t<div class=\"elementor-container elementor-column-gap-default\">\n\t\t\t\t\t<div class=\"elementor-column elementor-col-50 elementor-top-column elementor-element elementor-element-d8948d8\" data-id=\"d8948d8\" data-element_type=\"column\" data-e-type=\"column\">\n\t\t\t<div class=\"elementor-widget-wrap elementor-element-populated\">\n\t\t\t\t\t\t<div class=\"elementor-element elementor-element-a9a845a elementor-invisible elementor-widget elementor-widget-image\" data-id=\"a9a845a\" data-element_type=\"widget\" data-e-type=\"widget\" data-settings=\"{&quot;_animation&quot;:&quot;fadeInRight&quot;}\" data-widget_type=\"image.default\">\n\t\t\t\t<div class=\"elementor-widget-container\">\n\t\t\t\t\t\t\t\t\t\t\t\t\t\t\t<img decoding=\"async\" width=\"1134\" height=\"605\" src=\"https:\/\/softroutine.pt\/website\/wp-content\/uploads\/2023\/01\/softroutine_img_ws-3.jpg\" class=\"attachment-full size-full wp-image-12679\" alt=\"marcas softroutine\" srcset=\"https:\/\/softroutine.pt\/website\/wp-content\/uploads\/2023\/01\/softroutine_img_ws-3.jpg 1134w, https:\/\/softroutine.pt\/website\/wp-content\/uploads\/2023\/01\/softroutine_img_ws-3-600x320.jpg 600w\" sizes=\"(max-width: 1134px) 100vw, 1134px\" \/>\t\t\t\t\t\t\t\t\t\t\t\t\t\t\t<\/div>\n\t\t\t\t<\/div>\n\t\t\t\t\t<\/div>\n\t\t<\/div>\n\t\t\t\t<article class=\"elementor-column elementor-col-50 elementor-top-column elementor-element elementor-element-e0d1db4\" data-id=\"e0d1db4\" data-element_type=\"column\" data-e-type=\"column\">\n\t\t\t<div class=\"elementor-widget-wrap elementor-element-populated\">\n\t\t\t\t\t\t<div class=\"elementor-element elementor-element-9b3b589 elementor-widget elementor-widget-text-editor\" data-id=\"9b3b589\" data-element_type=\"widget\" data-e-type=\"widget\" data-widget_type=\"text-editor.default\">\n\t\t\t\t<div class=\"elementor-widget-container\">\n\t\t\t\t\t\t\t\t\t<h2>Servi\u00e7os<\/h2><p>Consultoria na \u00e1rea dos espect\u00e1culos e eventos<\/p><p>Concep\u00e7\u00e3o, produ\u00e7\u00e3o e direc\u00e7\u00e3o t\u00e9cnica<\/p><p>Solu\u00e7\u00f5es de sonoriza\u00e7\u00e3o, ilumina\u00e7\u00e3o, v\u00eddeo e mec\u00e2nica de cena<\/p><p>Concep\u00e7\u00e3o, constru\u00e7\u00e3o e montagem de cenografia<\/p><p>Manuten\u00e7\u00e3o e repara\u00e7\u00e3o de equipamentos<\/p>\t\t\t\t\t\t\t\t<\/div>\n\t\t\t\t<\/div>\n\t\t\t\t\t<\/div>\n\t\t<\/article>\n\t\t\t\t\t<\/div>\n\t\t<\/main>\n\t\t\t\t<main class=\"elementor-section elementor-top-section elementor-element elementor-element-fba6187 elementor-section-boxed elementor-section-height-default elementor-section-height-default\" data-id=\"fba6187\" data-element_type=\"section\" data-e-type=\"section\" data-settings=\"{&quot;shape_divider_top&quot;:&quot;arrow&quot;,&quot;background_background&quot;:&quot;classic&quot;}\">\n\t\t\t\t\t<div class=\"elementor-shape elementor-shape-top\" aria-hidden=\"true\" data-negative=\"false\">\n\t\t\t<svg xmlns=\"http:\/\/www.w3.org\/2000\/svg\" viewBox=\"0 0 700 10\" preserveAspectRatio=\"none\">\n\t<path class=\"elementor-shape-fill\" d=\"M350,10L340,0h20L350,10z\"\/>\n<\/svg>\t\t<\/div>\n\t\t\t\t\t<div class=\"elementor-container elementor-column-gap-default\">\n\t\t\t\t\t<article class=\"elementor-column elementor-col-50 elementor-top-column elementor-element elementor-element-047e5e7\" data-id=\"047e5e7\" data-element_type=\"column\" data-e-type=\"column\">\n\t\t\t<div class=\"elementor-widget-wrap elementor-element-populated\">\n\t\t\t\t\t\t<div class=\"elementor-element elementor-element-f3efd7d elementor-widget elementor-widget-heading\" data-id=\"f3efd7d\" data-element_type=\"widget\" data-e-type=\"widget\" data-widget_type=\"heading.default\">\n\t\t\t\t<div class=\"elementor-widget-container\">\n\t\t\t\t\t<h2 class=\"elementor-heading-title elementor-size-default\">Conhe\u00e7a o est\u00fadio<\/h2>\t\t\t\t<\/div>\n\t\t\t\t<\/div>\n\t\t\t\t<div class=\"elementor-element elementor-element-0bf64e4 elementor-icon-list--layout-traditional elementor-list-item-link-full_width elementor-widget elementor-widget-icon-list\" data-id=\"0bf64e4\" data-element_type=\"widget\" data-e-type=\"widget\" data-widget_type=\"icon-list.default\">\n\t\t\t\t<div class=\"elementor-widget-container\">\n\t\t\t\t\t\t\t<ul class=\"elementor-icon-list-items\">\n\t\t\t\t\t\t\t<li class=\"elementor-icon-list-item\">\n\t\t\t\t\t\t\t\t\t\t\t<span class=\"elementor-icon-list-icon\">\n\t\t\t\t\t\t\t<i aria-hidden=\"true\" class=\"fas fa-record-vinyl\"><\/i>\t\t\t\t\t\t<\/span>\n\t\t\t\t\t\t\t\t\t\t<span class=\"elementor-icon-list-text\">GRAVA\u00c7\u00c3O<\/span>\n\t\t\t\t\t\t\t\t\t<\/li>\n\t\t\t\t\t\t\t\t<li class=\"elementor-icon-list-item\">\n\t\t\t\t\t\t\t\t\t\t\t<span class=\"elementor-icon-list-icon\">\n\t\t\t\t\t\t\t<i aria-hidden=\"true\" class=\"fab fa-mix\"><\/i>\t\t\t\t\t\t<\/span>\n\t\t\t\t\t\t\t\t\t\t<span class=\"elementor-icon-list-text\">MISTURA<\/span>\n\t\t\t\t\t\t\t\t\t<\/li>\n\t\t\t\t\t\t\t\t<li class=\"elementor-icon-list-item\">\n\t\t\t\t\t\t\t\t\t\t\t<span class=\"elementor-icon-list-icon\">\n\t\t\t\t\t\t\t<i aria-hidden=\"true\" class=\"fas fa-compact-disc\"><\/i>\t\t\t\t\t\t<\/span>\n\t\t\t\t\t\t\t\t\t\t<span class=\"elementor-icon-list-text\">MASTERIZA\u00c7\u00c3O<\/span>\n\t\t\t\t\t\t\t\t\t<\/li>\n\t\t\t\t\t\t<\/ul>\n\t\t\t\t\t\t<\/div>\n\t\t\t\t<\/div>\n\t\t\t\t<section class=\"elementor-section elementor-inner-section elementor-element elementor-element-48deff1 elementor-section-boxed elementor-section-height-default elementor-section-height-default\" data-id=\"48deff1\" data-element_type=\"section\" data-e-type=\"section\">\n\t\t\t\t\t\t<div class=\"elementor-container elementor-column-gap-default\">\n\t\t\t\t\t<div class=\"elementor-column elementor-col-100 elementor-inner-column elementor-element elementor-element-d6d9738\" data-id=\"d6d9738\" data-element_type=\"column\" data-e-type=\"column\">\n\t\t\t<div class=\"elementor-widget-wrap elementor-element-populated\">\n\t\t\t\t\t\t<div class=\"elementor-element elementor-element-7a40784 elementor-widget elementor-widget-button\" data-id=\"7a40784\" data-element_type=\"widget\" data-e-type=\"widget\" data-widget_type=\"button.default\">\n\t\t\t\t<div class=\"elementor-widget-container\">\n\t\t\t\t\t\t\t\t\t<div class=\"elementor-button-wrapper\">\n\t\t\t\t\t<a class=\"elementor-button elementor-button-link elementor-size-lg\" href=\"http:\/\/rnr.ovh\" target=\"_blank\">\n\t\t\t\t\t\t<span class=\"elementor-button-content-wrapper\">\n\t\t\t\t\t\t\t\t\t<span class=\"elementor-button-text\">Saber mais<\/span>\n\t\t\t\t\t<\/span>\n\t\t\t\t\t<\/a>\n\t\t\t\t<\/div>\n\t\t\t\t\t\t\t\t<\/div>\n\t\t\t\t<\/div>\n\t\t\t\t\t<\/div>\n\t\t<\/div>\n\t\t\t\t\t<\/div>\n\t\t<\/section>\n\t\t\t\t\t<\/div>\n\t\t<\/article>\n\t\t\t\t<article class=\"elementor-column elementor-col-50 elementor-top-column elementor-element elementor-element-ea901b3\" data-id=\"ea901b3\" data-element_type=\"column\" data-e-type=\"column\">\n\t\t\t<div class=\"elementor-widget-wrap elementor-element-populated\">\n\t\t\t\t\t\t<div class=\"elementor-element elementor-element-c706df6 elementor-invisible elementor-widget elementor-widget-image\" data-id=\"c706df6\" data-element_type=\"widget\" data-e-type=\"widget\" data-settings=\"{&quot;_animation&quot;:&quot;fadeInRight&quot;}\" data-widget_type=\"image.default\">\n\t\t\t\t<div class=\"elementor-widget-container\">\n\t\t\t\t\t\t\t\t\t\t\t\t\t\t\t\t<a href=\"http:\/\/rnr.ovh\" target=\"_blank\">\n\t\t\t\t\t\t\t<img loading=\"lazy\" decoding=\"async\" width=\"1024\" height=\"600\" src=\"https:\/\/softroutine.pt\/website\/wp-content\/uploads\/2025\/02\/recnroll_logo3.jpeg\" class=\"attachment-full size-full wp-image-13047\" alt=\"marcas softroutine\" \/>\t\t\t\t\t\t\t\t<\/a>\n\t\t\t\t\t\t\t\t\t\t\t\t\t\t\t<\/div>\n\t\t\t\t<\/div>\n\t\t\t\t\t<\/div>\n\t\t<\/article>\n\t\t\t\t\t<\/div>\n\t\t<\/main>\n\t\t\t\t<nav class=\"elementor-section elementor-top-section elementor-element elementor-element-4576b88 elementor-section-boxed elementor-section-height-default elementor-section-height-default\" data-id=\"4576b88\" data-element_type=\"section\" data-e-type=\"section\">\n\t\t\t\t\t\t<div class=\"elementor-container elementor-column-gap-default\">\n\t\t\t\t\t<div class=\"elementor-column elementor-col-100 elementor-top-column elementor-element elementor-element-2d229be\" data-id=\"2d229be\" data-element_type=\"column\" data-e-type=\"column\">\n\t\t\t<div class=\"elementor-widget-wrap elementor-element-populated\">\n\t\t\t\t\t\t<div class=\"elementor-element elementor-element-7801397 elementor-view-stacked e-transform e-transform elementor-shape-circle elementor-invisible elementor-widget elementor-widget-icon\" data-id=\"7801397\" data-element_type=\"widget\" data-e-type=\"widget\" data-settings=\"{&quot;_animation&quot;:&quot;flash&quot;,&quot;_transform_translateX_effect&quot;:{&quot;unit&quot;:&quot;px&quot;,&quot;size&quot;:0,&quot;sizes&quot;:[]},&quot;_transform_translateX_effect_hover&quot;:{&quot;unit&quot;:&quot;px&quot;,&quot;size&quot;:0,&quot;sizes&quot;:[]},&quot;_transform_translateY_effect_hover&quot;:{&quot;unit&quot;:&quot;px&quot;,&quot;size&quot;:-5,&quot;sizes&quot;:[]},&quot;_transform_translateX_effect_tablet&quot;:{&quot;unit&quot;:&quot;px&quot;,&quot;size&quot;:&quot;&quot;,&quot;sizes&quot;:[]},&quot;_transform_translateX_effect_mobile&quot;:{&quot;unit&quot;:&quot;px&quot;,&quot;size&quot;:&quot;&quot;,&quot;sizes&quot;:[]},&quot;_transform_translateY_effect&quot;:{&quot;unit&quot;:&quot;px&quot;,&quot;size&quot;:&quot;&quot;,&quot;sizes&quot;:[]},&quot;_transform_translateY_effect_tablet&quot;:{&quot;unit&quot;:&quot;px&quot;,&quot;size&quot;:&quot;&quot;,&quot;sizes&quot;:[]},&quot;_transform_translateY_effect_mobile&quot;:{&quot;unit&quot;:&quot;px&quot;,&quot;size&quot;:&quot;&quot;,&quot;sizes&quot;:[]},&quot;_transform_translateX_effect_hover_tablet&quot;:{&quot;unit&quot;:&quot;px&quot;,&quot;size&quot;:&quot;&quot;,&quot;sizes&quot;:[]},&quot;_transform_translateX_effect_hover_mobile&quot;:{&quot;unit&quot;:&quot;px&quot;,&quot;size&quot;:&quot;&quot;,&quot;sizes&quot;:[]},&quot;_transform_translateY_effect_hover_tablet&quot;:{&quot;unit&quot;:&quot;px&quot;,&quot;size&quot;:&quot;&quot;,&quot;sizes&quot;:[]},&quot;_transform_translateY_effect_hover_mobile&quot;:{&quot;unit&quot;:&quot;px&quot;,&quot;size&quot;:&quot;&quot;,&quot;sizes&quot;:[]}}\" data-widget_type=\"icon.default\">\n\t\t\t\t<div class=\"elementor-widget-container\">\n\t\t\t\t\t\t\t<div class=\"elementor-icon-wrapper\">\n\t\t\t<a class=\"elementor-icon\" href=\"https:\/\/softroutine.pt\/website\/tecnologias-da-informacao\/\">\n\t\t\t<i aria-hidden=\"true\" class=\"fas fa-arrow-right\"><\/i>\t\t\t<\/a>\n\t\t<\/div>\n\t\t\t\t\t\t<\/div>\n\t\t\t\t<\/div>\n\t\t\t\t\t<\/div>\n\t\t<\/div>\n\t\t\t\t\t<\/div>\n\t\t<\/nav>\n\t\t\t\t<\/div>\n\t\t","protected":false},"excerpt":{"rendered":"<p>AUDIOVISUAIS Servi\u00e7os t\u00e9cnicos, venda e aluguer de equipamentos Quem Somos Com uma experi\u00eancia de mais de 30 anos, oferecemos aos nossos parceiros um vasto leque de servi\u00e7os. Trabalhamos com engenheiros,&hellip;<\/p>\n<p> <a class=\"more-link\" href=\"https:\/\/softroutine.pt\/website\/audiovisuais\/\">Read more<\/a><\/p>\n","protected":false},"author":1,"featured_media":0,"parent":0,"menu_order":0,"comment_status":"closed","ping_status":"closed","template":"elementor_theme","meta":{"footnotes":""},"class_list":["post-11993","page","type-page","status-publish"],"_links":{"self":[{"href":"https:\/\/softroutine.pt\/website\/wp-json\/wp\/v2\/pages\/11993","targetHints":{"allow":["GET"]}}],"collection":[{"href":"https:\/\/softroutine.pt\/website\/wp-json\/wp\/v2\/pages"}],"about":[{"href":"https:\/\/softroutine.pt\/website\/wp-json\/wp\/v2\/types\/page"}],"author":[{"embeddable":true,"href":"https:\/\/softroutine.pt\/website\/wp-json\/wp\/v2\/users\/1"}],"replies":[{"embeddable":true,"href":"https:\/\/softroutine.pt\/website\/wp-json\/wp\/v2\/comments?post=11993"}],"version-history":[{"count":24,"href":"https:\/\/softroutine.pt\/website\/wp-json\/wp\/v2\/pages\/11993\/revisions"}],"predecessor-version":[{"id":13338,"href":"https:\/\/softroutine.pt\/website\/wp-json\/wp\/v2\/pages\/11993\/revisions\/13338"}],"wp:attachment":[{"href":"https:\/\/softroutine.pt\/website\/wp-json\/wp\/v2\/media?parent=11993"}],"curies":[{"name":"wp","href":"https:\/\/api.w.org\/{rel}","templated":true}]}}