{"id":12478,"date":"2023-01-15T14:01:00","date_gmt":"2023-01-15T14:01:00","guid":{"rendered":"https:\/\/softroutine.pt\/website\/?page_id=12478"},"modified":"2025-09-21T22:10:12","modified_gmt":"2025-09-21T22:10:12","slug":"quem-somos","status":"publish","type":"page","link":"https:\/\/softroutine.pt\/website\/quem-somos\/","title":{"rendered":"Quem Somos"},"content":{"rendered":"\t\t<div data-elementor-type=\"wp-page\" data-elementor-id=\"12478\" class=\"elementor elementor-12478\">\n\t\t\t\t\t\t<section class=\"elementor-section elementor-top-section elementor-element elementor-element-777113b6 elementor-section-boxed elementor-section-height-default elementor-section-height-default\" data-id=\"777113b6\" data-element_type=\"section\" data-e-type=\"section\">\n\t\t\t\t\t\t<div class=\"elementor-container elementor-column-gap-default\">\n\t\t\t\t\t<div class=\"elementor-column elementor-col-100 elementor-top-column elementor-element elementor-element-23e5d9a5\" data-id=\"23e5d9a5\" data-element_type=\"column\" data-e-type=\"column\">\n\t\t\t<div class=\"elementor-widget-wrap elementor-element-populated\">\n\t\t\t\t\t\t<div class=\"elementor-element elementor-element-4bd6dbaa elementor-widget elementor-widget-text-editor\" data-id=\"4bd6dbaa\" data-element_type=\"widget\" data-e-type=\"widget\" data-widget_type=\"text-editor.default\">\n\t\t\t\t<div class=\"elementor-widget-container\">\n\t\t\t\t\t\t\t\t\t<h1>Quem somos<\/h1><p>Fundada em 2017, a <strong>Soft Routine\u00ae<\/strong> nasce da necessidade de consolidar no mercado a nossa longa experi\u00eancia em duas \u00e1reas de neg\u00f3cio; a \u00e1rea dos audiovisuais e a \u00e1rea das tecnologias da informa\u00e7\u00e3o.<\/p><p><!-- \/wp:paragraph --><!-- wp:paragraph --><\/p><p>Ao fundar a empresa, agreg\u00e1mos estas duas vertentes que, cada vez mais, partilham meios humanos e tecnol\u00f3gicos. Acreditamos, desde sempre, que as empresas s\u00e3o as pessoas e que a tecnologia \u00e9 apenas uma extens\u00e3o do nosso conhecimento.<\/p><p>\u00c9 por isso que somos <em>&#8220;<strong>Powered by people<\/strong>&#8220;<\/em>.<\/p><p><!-- \/wp:paragraph --><!-- wp:paragraph --><\/p><p>O grupo desenvolve as suas actividades com as seguintes marcas:<\/p><p><!-- \/wp:paragraph --><!-- wp:paragraph --><\/p><p><!-- \/wp:paragraph --><\/p>\t\t\t\t\t\t\t\t<\/div>\n\t\t\t\t<\/div>\n\t\t\t\t\t<\/div>\n\t\t<\/div>\n\t\t\t\t\t<\/div>\n\t\t<\/section>\n\t\t\t\t<section class=\"elementor-section elementor-top-section elementor-element elementor-element-69e9306 elementor-section-boxed elementor-section-height-default elementor-section-height-default\" data-id=\"69e9306\" data-element_type=\"section\" data-e-type=\"section\">\n\t\t\t\t\t\t<div class=\"elementor-container elementor-column-gap-default\">\n\t\t\t\t\t<div class=\"elementor-column elementor-col-100 elementor-top-column elementor-element elementor-element-9938d04\" data-id=\"9938d04\" data-element_type=\"column\" data-e-type=\"column\">\n\t\t\t<div class=\"elementor-widget-wrap elementor-element-populated\">\n\t\t\t\t\t\t<div class=\"elementor-element elementor-element-ece42b9 elementor-position-top elementor-invisible elementor-widget elementor-widget-image-box\" data-id=\"ece42b9\" data-element_type=\"widget\" data-e-type=\"widget\" data-settings=\"{&quot;_animation&quot;:&quot;lightSpeedIn&quot;,&quot;_animation_delay&quot;:100}\" data-widget_type=\"image-box.default\">\n\t\t\t\t<div class=\"elementor-widget-container\">\n\t\t\t\t\t<div class=\"elementor-image-box-wrapper\"><figure class=\"elementor-image-box-img\"><img fetchpriority=\"high\" decoding=\"async\" width=\"2422\" height=\"1241\" src=\"https:\/\/softroutine.pt\/website\/wp-content\/uploads\/2023\/12\/SR_logo_tr.png\" class=\"attachment-full size-full wp-image-12864\" alt=\"logo softroutine\" srcset=\"https:\/\/softroutine.pt\/website\/wp-content\/uploads\/2023\/12\/SR_logo_tr.png 2422w, https:\/\/softroutine.pt\/website\/wp-content\/uploads\/2023\/12\/SR_logo_tr-1536x787.png 1536w, https:\/\/softroutine.pt\/website\/wp-content\/uploads\/2023\/12\/SR_logo_tr-2048x1049.png 2048w\" sizes=\"(max-width: 2422px) 100vw, 2422px\" \/><\/figure><div class=\"elementor-image-box-content\"><p class=\"elementor-image-box-description\">Venda de equipamentos, instala\u00e7\u00e3o e servi\u00e7os de consultoria.<\/p><\/div><\/div>\t\t\t\t<\/div>\n\t\t\t\t<\/div>\n\t\t\t\t\t<\/div>\n\t\t<\/div>\n\t\t\t\t\t<\/div>\n\t\t<\/section>\n\t\t\t\t<section class=\"elementor-section elementor-top-section elementor-element elementor-element-5b27bb9 animated-slow elementor-section-boxed elementor-section-height-default elementor-section-height-default elementor-invisible\" data-id=\"5b27bb9\" data-element_type=\"section\" data-e-type=\"section\" data-settings=\"{&quot;background_background&quot;:&quot;classic&quot;,&quot;animation&quot;:&quot;slideInUp&quot;}\">\n\t\t\t\t\t\t<div class=\"elementor-container elementor-column-gap-default\">\n\t\t\t\t\t<div class=\"elementor-column elementor-col-50 elementor-top-column elementor-element elementor-element-011c0f1\" data-id=\"011c0f1\" data-element_type=\"column\" data-e-type=\"column\">\n\t\t\t<div class=\"elementor-widget-wrap elementor-element-populated\">\n\t\t\t\t\t\t<div class=\"elementor-element elementor-element-b4ae0e7 elementor-position-top elementor-invisible elementor-widget elementor-widget-image-box\" data-id=\"b4ae0e7\" data-element_type=\"widget\" data-e-type=\"widget\" data-settings=\"{&quot;_animation&quot;:&quot;fadeIn&quot;}\" data-widget_type=\"image-box.default\">\n\t\t\t\t<div class=\"elementor-widget-container\">\n\t\t\t\t\t<div class=\"elementor-image-box-wrapper\"><figure class=\"elementor-image-box-img\"><a href=\"https:\/\/softroutine.pt\/website\/audiovisuais\/\" target=\"_blank\" tabindex=\"-1\"><img decoding=\"async\" width=\"2560\" height=\"1536\" src=\"https:\/\/softroutine.pt\/website\/wp-content\/uploads\/2025\/09\/av-scaled.png\" class=\"attachment-full size-full wp-image-13198\" alt=\"av team\" srcset=\"https:\/\/softroutine.pt\/website\/wp-content\/uploads\/2025\/09\/av-scaled.png 2560w, https:\/\/softroutine.pt\/website\/wp-content\/uploads\/2025\/09\/av-1536x922.png 1536w, https:\/\/softroutine.pt\/website\/wp-content\/uploads\/2025\/09\/av-2048x1229.png 2048w\" sizes=\"(max-width: 2560px) 100vw, 2560px\" \/><\/a><\/figure><div class=\"elementor-image-box-content\"><p class=\"elementor-image-box-description\">Servi\u00e7os t\u00e9cnicos audiovisuais e aluguer de equipamentos.<\/p><\/div><\/div>\t\t\t\t<\/div>\n\t\t\t\t<\/div>\n\t\t\t\t<div class=\"elementor-element elementor-element-ccaefe1 elementor-position-top elementor-invisible elementor-widget elementor-widget-image-box\" data-id=\"ccaefe1\" data-element_type=\"widget\" data-e-type=\"widget\" data-settings=\"{&quot;_animation&quot;:&quot;fadeIn&quot;}\" data-widget_type=\"image-box.default\">\n\t\t\t\t<div class=\"elementor-widget-container\">\n\t\t\t\t\t<div class=\"elementor-image-box-wrapper\"><figure class=\"elementor-image-box-img\"><a href=\"https:\/\/softroutine.pt\/website\/tecnologias-da-informacao\/\" target=\"_blank\" tabindex=\"-1\"><img decoding=\"async\" width=\"2560\" height=\"1536\" src=\"https:\/\/softroutine.pt\/website\/wp-content\/uploads\/2025\/09\/webtone-scaled.png\" class=\"attachment-full size-full wp-image-13197\" alt=\"webtone\" srcset=\"https:\/\/softroutine.pt\/website\/wp-content\/uploads\/2025\/09\/webtone-scaled.png 2560w, https:\/\/softroutine.pt\/website\/wp-content\/uploads\/2025\/09\/webtone-1536x922.png 1536w, https:\/\/softroutine.pt\/website\/wp-content\/uploads\/2025\/09\/webtone-2048x1229.png 2048w\" sizes=\"(max-width: 2560px) 100vw, 2560px\" \/><\/a><\/figure><div class=\"elementor-image-box-content\"><p class=\"elementor-image-box-description\">Web design, dom\u00ednios e alojamento web.<\/p><\/div><\/div>\t\t\t\t<\/div>\n\t\t\t\t<\/div>\n\t\t\t\t\t<\/div>\n\t\t<\/div>\n\t\t\t\t<div class=\"elementor-column elementor-col-50 elementor-top-column elementor-element elementor-element-084a39f\" data-id=\"084a39f\" data-element_type=\"column\" data-e-type=\"column\">\n\t\t\t<div class=\"elementor-widget-wrap elementor-element-populated\">\n\t\t\t\t\t\t<div class=\"elementor-element elementor-element-a774eb2 elementor-position-top elementor-invisible elementor-widget elementor-widget-image-box\" data-id=\"a774eb2\" data-element_type=\"widget\" data-e-type=\"widget\" data-settings=\"{&quot;_animation&quot;:&quot;fadeIn&quot;}\" data-widget_type=\"image-box.default\">\n\t\t\t\t<div class=\"elementor-widget-container\">\n\t\t\t\t\t<div class=\"elementor-image-box-wrapper\"><figure class=\"elementor-image-box-img\"><a href=\"https:\/\/www.cloudshop.pt\" target=\"_blank\" tabindex=\"-1\"><img loading=\"lazy\" decoding=\"async\" width=\"2560\" height=\"1536\" src=\"https:\/\/softroutine.pt\/website\/wp-content\/uploads\/2025\/09\/cloudshop-scaled.png\" class=\"attachment-full size-full wp-image-13199\" alt=\"cloudshop\" srcset=\"https:\/\/softroutine.pt\/website\/wp-content\/uploads\/2025\/09\/cloudshop-scaled.png 2560w, https:\/\/softroutine.pt\/website\/wp-content\/uploads\/2025\/09\/cloudshop-1536x922.png 1536w, https:\/\/softroutine.pt\/website\/wp-content\/uploads\/2025\/09\/cloudshop-2048x1229.png 2048w\" sizes=\"(max-width: 2560px) 100vw, 2560px\" \/><\/a><\/figure><div class=\"elementor-image-box-content\"><p class=\"elementor-image-box-description\">A nossa plataforma de e-commerce.<\/p><\/div><\/div>\t\t\t\t<\/div>\n\t\t\t\t<\/div>\n\t\t\t\t<div class=\"elementor-element elementor-element-056debc elementor-position-top elementor-invisible elementor-widget elementor-widget-image-box\" data-id=\"056debc\" data-element_type=\"widget\" data-e-type=\"widget\" data-settings=\"{&quot;_animation&quot;:&quot;fadeIn&quot;}\" data-widget_type=\"image-box.default\">\n\t\t\t\t<div class=\"elementor-widget-container\">\n\t\t\t\t\t<div class=\"elementor-image-box-wrapper\"><figure class=\"elementor-image-box-img\"><a href=\"http:\/\/www.rnr.ovh\" target=\"_blank\" tabindex=\"-1\"><img loading=\"lazy\" decoding=\"async\" width=\"2560\" height=\"1536\" src=\"https:\/\/softroutine.pt\/website\/wp-content\/uploads\/2025\/09\/recnrollstudio-scaled.png\" class=\"attachment-full size-full wp-image-13200\" alt=\"rec n roll studio\" srcset=\"https:\/\/softroutine.pt\/website\/wp-content\/uploads\/2025\/09\/recnrollstudio-scaled.png 2560w, https:\/\/softroutine.pt\/website\/wp-content\/uploads\/2025\/09\/recnrollstudio-1536x922.png 1536w, https:\/\/softroutine.pt\/website\/wp-content\/uploads\/2025\/09\/recnrollstudio-2048x1229.png 2048w\" sizes=\"(max-width: 2560px) 100vw, 2560px\" \/><\/a><\/figure><div class=\"elementor-image-box-content\"><p class=\"elementor-image-box-description\">Est\u00fadio de grava\u00e7\u00e3o e produ\u00e7\u00e3o musical.<\/p><\/div><\/div>\t\t\t\t<\/div>\n\t\t\t\t<\/div>\n\t\t\t\t\t<\/div>\n\t\t<\/div>\n\t\t\t\t\t<\/div>\n\t\t<\/section>\n\t\t\t\t<section class=\"elementor-section elementor-top-section elementor-element elementor-element-7abdbdb elementor-section-boxed elementor-section-height-default elementor-section-height-default elementor-invisible\" data-id=\"7abdbdb\" data-element_type=\"section\" data-e-type=\"section\" data-settings=\"{&quot;background_background&quot;:&quot;classic&quot;,&quot;animation&quot;:&quot;slideInDown&quot;}\">\n\t\t\t\t\t\t<div class=\"elementor-container elementor-column-gap-default\">\n\t\t\t\t\t<div class=\"elementor-column elementor-col-100 elementor-top-column elementor-element elementor-element-c8f3927\" data-id=\"c8f3927\" data-element_type=\"column\" data-e-type=\"column\">\n\t\t\t<div class=\"elementor-widget-wrap elementor-element-populated\">\n\t\t\t\t\t\t<div class=\"elementor-element elementor-element-46f5f42 elementor-invisible elementor-widget elementor-widget-testimonial\" data-id=\"46f5f42\" data-element_type=\"widget\" data-e-type=\"widget\" data-settings=\"{&quot;_animation&quot;:&quot;bounceInDown&quot;,&quot;_animation_delay&quot;:100}\" data-widget_type=\"testimonial.default\">\n\t\t\t\t<div class=\"elementor-widget-container\">\n\t\t\t\t\t\t\t<div class=\"elementor-testimonial-wrapper\">\n\t\t\t\n\t\t\t\t\t\t<div class=\"elementor-testimonial-meta elementor-has-image elementor-testimonial-image-position-top\">\n\t\t\t\t<div class=\"elementor-testimonial-meta-inner\">\n\t\t\t\t\t\t\t\t\t\t\t<div class=\"elementor-testimonial-image\">\n\t\t\t\t\t\t\t<a href=\"https:\/\/softroutine.pt\/website\/contacto\/\"><img loading=\"lazy\" decoding=\"async\" width=\"128\" height=\"128\" src=\"https:\/\/softroutine.pt\/website\/wp-content\/uploads\/2023\/01\/man.png\" class=\"attachment-full size-full wp-image-12052\" alt=\"boneco\" \/><\/a>\t\t\t\t\t\t<\/div>\n\t\t\t\t\t\n\t\t\t\t\t\t\t\t\t\t<div class=\"elementor-testimonial-details\">\n\t\t\t\t\t\t\t\t\t\t\t\t\t\t<a class=\"elementor-testimonial-name\" href=\"https:\/\/softroutine.pt\/website\/contacto\/\">Lu\u00eds<\/a>\n\t\t\t\t\t\t\t\t\t\t\t\t\t\t\t\t\t\t\t\t\t\t<a class=\"elementor-testimonial-job\" href=\"https:\/\/softroutine.pt\/website\/contacto\/\">SG<\/a>\n\t\t\t\t\t\t\t\t\t\t\t\t\t<\/div>\n\t\t\t\t\t\t\t\t\t<\/div>\n\t\t\t<\/div>\n\t\t\t\t\t<\/div>\n\t\t\t\t\t\t<\/div>\n\t\t\t\t<\/div>\n\t\t\t\t<div class=\"elementor-element elementor-element-fee0b98 elementor-align-center elementor-widget elementor-widget-button\" data-id=\"fee0b98\" data-element_type=\"widget\" data-e-type=\"widget\" data-widget_type=\"button.default\">\n\t\t\t\t<div class=\"elementor-widget-container\">\n\t\t\t\t\t\t\t\t\t<div class=\"elementor-button-wrapper\">\n\t\t\t\t\t<a class=\"elementor-button elementor-button-link elementor-size-sm\" href=\"https:\/\/softroutine.pt\/website\/contacto\/\">\n\t\t\t\t\t\t<span class=\"elementor-button-content-wrapper\">\n\t\t\t\t\t\t\t\t\t<span class=\"elementor-button-text\">Contacte-nos para saber mais sobre as nossas solu\u00e7\u00f5es.<\/span>\n\t\t\t\t\t<\/span>\n\t\t\t\t\t<\/a>\n\t\t\t\t<\/div>\n\t\t\t\t\t\t\t\t<\/div>\n\t\t\t\t<\/div>\n\t\t\t\t\t<\/div>\n\t\t<\/div>\n\t\t\t\t\t<\/div>\n\t\t<\/section>\n\t\t\t\t<\/div>\n\t\t","protected":false},"excerpt":{"rendered":"<p>Quem somos Fundada em 2017, a Soft Routine\u00ae nasce da necessidade de consolidar no mercado a nossa longa experi\u00eancia em duas \u00e1reas de neg\u00f3cio; a \u00e1rea dos audiovisuais e a&hellip;<\/p>\n<p> <a class=\"more-link\" href=\"https:\/\/softroutine.pt\/website\/quem-somos\/\">Read more<\/a><\/p>\n","protected":false},"author":1,"featured_media":0,"parent":0,"menu_order":0,"comment_status":"closed","ping_status":"closed","template":"","meta":{"footnotes":""},"class_list":["post-12478","page","type-page","status-publish"],"_links":{"self":[{"href":"https:\/\/softroutine.pt\/website\/wp-json\/wp\/v2\/pages\/12478","targetHints":{"allow":["GET"]}}],"collection":[{"href":"https:\/\/softroutine.pt\/website\/wp-json\/wp\/v2\/pages"}],"about":[{"href":"https:\/\/softroutine.pt\/website\/wp-json\/wp\/v2\/types\/page"}],"author":[{"embeddable":true,"href":"https:\/\/softroutine.pt\/website\/wp-json\/wp\/v2\/users\/1"}],"replies":[{"embeddable":true,"href":"https:\/\/softroutine.pt\/website\/wp-json\/wp\/v2\/comments?post=12478"}],"version-history":[{"count":6,"href":"https:\/\/softroutine.pt\/website\/wp-json\/wp\/v2\/pages\/12478\/revisions"}],"predecessor-version":[{"id":13332,"href":"https:\/\/softroutine.pt\/website\/wp-json\/wp\/v2\/pages\/12478\/revisions\/13332"}],"wp:attachment":[{"href":"https:\/\/softroutine.pt\/website\/wp-json\/wp\/v2\/media?parent=12478"}],"curies":[{"name":"wp","href":"https:\/\/api.w.org\/{rel}","templated":true}]}}