{"id":12619,"date":"2023-01-15T23:18:44","date_gmt":"2023-01-15T23:18:44","guid":{"rendered":"https:\/\/softroutine.pt\/website\/?page_id=12619"},"modified":"2025-09-21T17:31:21","modified_gmt":"2025-09-21T17:31:21","slug":"loja-produtos","status":"publish","type":"page","link":"https:\/\/softroutine.pt\/website\/loja-produtos\/","title":{"rendered":"Vendas"},"content":{"rendered":"\t\t<div data-elementor-type=\"wp-page\" data-elementor-id=\"12619\" class=\"elementor elementor-12619\">\n\t\t\t\t\t\t<section class=\"elementor-section elementor-top-section elementor-element elementor-element-4d14e81 elementor-section-boxed elementor-section-height-default elementor-section-height-default\" data-id=\"4d14e81\" data-element_type=\"section\" data-e-type=\"section\">\n\t\t\t\t\t\t<div class=\"elementor-container elementor-column-gap-default\">\n\t\t\t\t\t<div class=\"elementor-column elementor-col-100 elementor-top-column elementor-element elementor-element-8bdc3d2\" data-id=\"8bdc3d2\" data-element_type=\"column\" data-e-type=\"column\">\n\t\t\t<div class=\"elementor-widget-wrap elementor-element-populated\">\n\t\t\t\t\t\t<div class=\"elementor-element elementor-element-41265f2 elementor-widget elementor-widget-writing-effect-headline\" data-id=\"41265f2\" data-element_type=\"widget\" data-e-type=\"widget\" data-widget_type=\"writing-effect-headline.default\">\n\t\t\t\t<div class=\"elementor-widget-container\">\n\t\t\t\t\t\t\t<div class=\"a13ree-written-headline\" data-speed=\"25\" data-loop=\"1\">\r\n\t\t\t\t\t\t\t<span class=\"before-written\">Solu\u00e7\u00f5es:<\/span>\r\n\t\t\t\r\n\t\t\t            <span class=\"written-lines elementor-screen-only\">Apoio t\u00e9cnico\nVenda\nInstala\u00e7\u00e3o<\/span>\r\n\t\t\t\r\n\t\t\t\t\t<\/div>\r\n\t\t\t\t\t\t<\/div>\n\t\t\t\t<\/div>\n\t\t\t\t\t<\/div>\n\t\t<\/div>\n\t\t\t\t\t<\/div>\n\t\t<\/section>\n\t\t\t\t<main class=\"elementor-section elementor-top-section elementor-element elementor-element-4a13bd7 elementor-section-boxed elementor-section-height-default elementor-section-height-default\" data-id=\"4a13bd7\" data-element_type=\"section\" data-e-type=\"section\">\n\t\t\t\t\t\t<div class=\"elementor-container elementor-column-gap-default\">\n\t\t\t\t\t<div class=\"elementor-column elementor-col-100 elementor-top-column elementor-element elementor-element-655da5e\" data-id=\"655da5e\" data-element_type=\"column\" data-e-type=\"column\">\n\t\t\t<div class=\"elementor-widget-wrap elementor-element-populated\">\n\t\t\t\t\t\t<div class=\"elementor-element elementor-element-782427a elementor-widget elementor-widget-heading\" data-id=\"782427a\" data-element_type=\"widget\" data-e-type=\"widget\" data-widget_type=\"heading.default\">\n\t\t\t\t<div class=\"elementor-widget-container\">\n\t\t\t\t\t<p class=\"elementor-heading-title elementor-size-default\">As solu\u00e7\u00f5es que temos para lhe oferecer<\/p>\t\t\t\t<\/div>\n\t\t\t\t<\/div>\n\t\t\t\t<section class=\"elementor-section elementor-inner-section elementor-element elementor-element-e1248ff elementor-section-boxed elementor-section-height-default elementor-section-height-default\" data-id=\"e1248ff\" data-element_type=\"section\" data-e-type=\"section\">\n\t\t\t\t\t\t<div class=\"elementor-container elementor-column-gap-default\">\n\t\t\t\t\t<div class=\"elementor-column elementor-col-100 elementor-inner-column elementor-element elementor-element-9205fb8\" data-id=\"9205fb8\" data-element_type=\"column\" data-e-type=\"column\">\n\t\t\t<div class=\"elementor-widget-wrap elementor-element-populated\">\n\t\t\t\t\t\t<div class=\"elementor-element elementor-element-28bc5e2 elementor-widget elementor-widget-text-editor\" data-id=\"28bc5e2\" data-element_type=\"widget\" data-e-type=\"widget\" data-widget_type=\"text-editor.default\">\n\t\t\t\t<div class=\"elementor-widget-container\">\n\t\t\t\t\t\t\t\t\t<p>Na Soft Routine analisamos as melhores solu\u00e7\u00f5es para as suas necessidades de equipamento.<\/p><p>N\u00e3o queremos &#8220;vender por vender&#8221;. Essa n\u00e3o \u00e9 a nossa postura.<\/p><p>Quando recomendamos equipamentos e solu\u00e7\u00f5es, queremos que sejam, realmente, as mais adequadas.<\/p>\t\t\t\t\t\t\t\t<\/div>\n\t\t\t\t<\/div>\n\t\t\t\t\t<\/div>\n\t\t<\/div>\n\t\t\t\t\t<\/div>\n\t\t<\/section>\n\t\t\t\t\t<\/div>\n\t\t<\/div>\n\t\t\t\t\t<\/div>\n\t\t<\/main>\n\t\t\t\t<section class=\"elementor-section elementor-top-section elementor-element elementor-element-436aa7b elementor-section-boxed elementor-section-height-default elementor-section-height-default\" data-id=\"436aa7b\" data-element_type=\"section\" data-e-type=\"section\">\n\t\t\t\t\t\t<div class=\"elementor-container elementor-column-gap-default\">\n\t\t\t\t\t<div class=\"elementor-column elementor-col-33 elementor-top-column elementor-element elementor-element-f348d34\" data-id=\"f348d34\" data-element_type=\"column\" data-e-type=\"column\">\n\t\t\t<div class=\"elementor-widget-wrap elementor-element-populated\">\n\t\t\t\t\t\t<div class=\"elementor-element elementor-element-faa24a9 elementor-position-top elementor-invisible elementor-widget elementor-widget-image-box\" data-id=\"faa24a9\" data-element_type=\"widget\" data-e-type=\"widget\" data-settings=\"{&quot;_animation&quot;:&quot;fadeIn&quot;}\" data-widget_type=\"image-box.default\">\n\t\t\t\t<div class=\"elementor-widget-container\">\n\t\t\t\t\t<div class=\"elementor-image-box-wrapper\"><figure class=\"elementor-image-box-img\"><img decoding=\"async\" width=\"220\" height=\"220\" src=\"https:\/\/softroutine.pt\/website\/wp-content\/uploads\/2023\/01\/412312.webp\" class=\"attachment-full size-full wp-image-12635\" alt=\"marcas softroutine\" srcset=\"https:\/\/softroutine.pt\/website\/wp-content\/uploads\/2023\/01\/412312.webp 220w, https:\/\/softroutine.pt\/website\/wp-content\/uploads\/2023\/01\/412312-150x150.webp 150w, https:\/\/softroutine.pt\/website\/wp-content\/uploads\/2023\/01\/412312-100x100.webp 100w\" sizes=\"(max-width: 220px) 100vw, 220px\" \/><\/figure><div class=\"elementor-image-box-content\"><p class=\"elementor-image-box-title\">Audio Profissional<\/p><p class=\"elementor-image-box-description\">Equipamentos de som<\/p><\/div><\/div>\t\t\t\t<\/div>\n\t\t\t\t<\/div>\n\t\t\t\t\t<\/div>\n\t\t<\/div>\n\t\t\t\t<div class=\"elementor-column elementor-col-33 elementor-top-column elementor-element elementor-element-d349d5b\" data-id=\"d349d5b\" data-element_type=\"column\" data-e-type=\"column\">\n\t\t\t<div class=\"elementor-widget-wrap elementor-element-populated\">\n\t\t\t\t\t\t<div class=\"elementor-element elementor-element-d8d7a7e elementor-position-top elementor-invisible elementor-widget elementor-widget-image-box\" data-id=\"d8d7a7e\" data-element_type=\"widget\" data-e-type=\"widget\" data-settings=\"{&quot;_animation&quot;:&quot;fadeIn&quot;}\" data-widget_type=\"image-box.default\">\n\t\t\t\t<div class=\"elementor-widget-container\">\n\t\t\t\t\t<div class=\"elementor-image-box-wrapper\"><figure class=\"elementor-image-box-img\"><img decoding=\"async\" width=\"220\" height=\"220\" src=\"https:\/\/softroutine.pt\/website\/wp-content\/uploads\/2023\/01\/126312.webp\" class=\"attachment-full size-full wp-image-12636\" alt=\"marcas softroutine\" srcset=\"https:\/\/softroutine.pt\/website\/wp-content\/uploads\/2023\/01\/126312.webp 220w, https:\/\/softroutine.pt\/website\/wp-content\/uploads\/2023\/01\/126312-150x150.webp 150w, https:\/\/softroutine.pt\/website\/wp-content\/uploads\/2023\/01\/126312-100x100.webp 100w\" sizes=\"(max-width: 220px) 100vw, 220px\" \/><\/figure><div class=\"elementor-image-box-content\"><p class=\"elementor-image-box-title\">Ilumina\u00e7\u00e3o Profissional<\/p><p class=\"elementor-image-box-description\">Equipamentos de ilumina\u00e7\u00e3o<\/p><\/div><\/div>\t\t\t\t<\/div>\n\t\t\t\t<\/div>\n\t\t\t\t\t<\/div>\n\t\t<\/div>\n\t\t\t\t<div class=\"elementor-column elementor-col-33 elementor-top-column elementor-element elementor-element-345b0c7\" data-id=\"345b0c7\" data-element_type=\"column\" data-e-type=\"column\">\n\t\t\t<div class=\"elementor-widget-wrap elementor-element-populated\">\n\t\t\t\t\t\t<div class=\"elementor-element elementor-element-f8281e2 elementor-position-top elementor-invisible elementor-widget elementor-widget-image-box\" data-id=\"f8281e2\" data-element_type=\"widget\" data-e-type=\"widget\" data-settings=\"{&quot;_animation&quot;:&quot;fadeIn&quot;}\" data-widget_type=\"image-box.default\">\n\t\t\t\t<div class=\"elementor-widget-container\">\n\t\t\t\t\t<div class=\"elementor-image-box-wrapper\"><figure class=\"elementor-image-box-img\"><img decoding=\"async\" width=\"220\" height=\"220\" src=\"https:\/\/softroutine.pt\/website\/wp-content\/uploads\/2023\/01\/548294.webp\" class=\"attachment-full size-full wp-image-12634\" alt=\"marcas softroutine\" srcset=\"https:\/\/softroutine.pt\/website\/wp-content\/uploads\/2023\/01\/548294.webp 220w, https:\/\/softroutine.pt\/website\/wp-content\/uploads\/2023\/01\/548294-150x150.webp 150w, https:\/\/softroutine.pt\/website\/wp-content\/uploads\/2023\/01\/548294-100x100.webp 100w\" sizes=\"(max-width: 220px) 100vw, 220px\" \/><\/figure><div class=\"elementor-image-box-content\"><p class=\"elementor-image-box-title\">V\u00eddeo<\/p><p class=\"elementor-image-box-description\">Equipamentos de v\u00eddeo<\/p><\/div><\/div>\t\t\t\t<\/div>\n\t\t\t\t<\/div>\n\t\t\t\t\t<\/div>\n\t\t<\/div>\n\t\t\t\t\t<\/div>\n\t\t<\/section>\n\t\t\t\t<section class=\"elementor-section elementor-top-section elementor-element elementor-element-27c1f04 elementor-section-boxed elementor-section-height-default elementor-section-height-default\" data-id=\"27c1f04\" data-element_type=\"section\" data-e-type=\"section\">\n\t\t\t\t\t\t<div class=\"elementor-container elementor-column-gap-default\">\n\t\t\t\t\t<div class=\"elementor-column elementor-col-33 elementor-top-column elementor-element elementor-element-ec57ee5\" data-id=\"ec57ee5\" data-element_type=\"column\" data-e-type=\"column\">\n\t\t\t<div class=\"elementor-widget-wrap elementor-element-populated\">\n\t\t\t\t\t\t<div class=\"elementor-element elementor-element-6bfe70e elementor-position-top elementor-invisible elementor-widget elementor-widget-image-box\" data-id=\"6bfe70e\" data-element_type=\"widget\" data-e-type=\"widget\" data-settings=\"{&quot;_animation&quot;:&quot;fadeIn&quot;}\" data-widget_type=\"image-box.default\">\n\t\t\t\t<div class=\"elementor-widget-container\">\n\t\t\t\t\t<div class=\"elementor-image-box-wrapper\"><figure class=\"elementor-image-box-img\"><img loading=\"lazy\" decoding=\"async\" width=\"220\" height=\"220\" src=\"https:\/\/softroutine.pt\/website\/wp-content\/uploads\/2023\/01\/198532.webp\" class=\"attachment-full size-full wp-image-12617\" alt=\"marcas softroutine\" srcset=\"https:\/\/softroutine.pt\/website\/wp-content\/uploads\/2023\/01\/198532.webp 220w, https:\/\/softroutine.pt\/website\/wp-content\/uploads\/2023\/01\/198532-150x150.webp 150w, https:\/\/softroutine.pt\/website\/wp-content\/uploads\/2023\/01\/198532-100x100.webp 100w\" sizes=\"(max-width: 220px) 100vw, 220px\" \/><\/figure><div class=\"elementor-image-box-content\"><p class=\"elementor-image-box-title\">Fitas<\/p><p class=\"elementor-image-box-description\">Fitas profissionais para eventos<\/p><\/div><\/div>\t\t\t\t<\/div>\n\t\t\t\t<\/div>\n\t\t\t\t\t<\/div>\n\t\t<\/div>\n\t\t\t\t<div class=\"elementor-column elementor-col-33 elementor-top-column elementor-element elementor-element-207de03\" data-id=\"207de03\" data-element_type=\"column\" data-e-type=\"column\">\n\t\t\t<div class=\"elementor-widget-wrap elementor-element-populated\">\n\t\t\t\t\t\t<div class=\"elementor-element elementor-element-2153820 elementor-position-top elementor-invisible elementor-widget elementor-widget-image-box\" data-id=\"2153820\" data-element_type=\"widget\" data-e-type=\"widget\" data-settings=\"{&quot;_animation&quot;:&quot;fadeIn&quot;}\" data-widget_type=\"image-box.default\">\n\t\t\t\t<div class=\"elementor-widget-container\">\n\t\t\t\t\t<div class=\"elementor-image-box-wrapper\"><figure class=\"elementor-image-box-img\"><img loading=\"lazy\" decoding=\"async\" width=\"220\" height=\"220\" src=\"https:\/\/softroutine.pt\/website\/wp-content\/uploads\/2023\/01\/182699.webp\" class=\"attachment-full size-full wp-image-12626\" alt=\"marcas softroutine\" srcset=\"https:\/\/softroutine.pt\/website\/wp-content\/uploads\/2023\/01\/182699.webp 220w, https:\/\/softroutine.pt\/website\/wp-content\/uploads\/2023\/01\/182699-150x150.webp 150w, https:\/\/softroutine.pt\/website\/wp-content\/uploads\/2023\/01\/182699-100x100.webp 100w\" sizes=\"(max-width: 220px) 100vw, 220px\" \/><\/figure><div class=\"elementor-image-box-content\"><p class=\"elementor-image-box-title\">Fichas<\/p><p class=\"elementor-image-box-description\">Fichas AV<\/p><\/div><\/div>\t\t\t\t<\/div>\n\t\t\t\t<\/div>\n\t\t\t\t\t<\/div>\n\t\t<\/div>\n\t\t\t\t<div class=\"elementor-column elementor-col-33 elementor-top-column elementor-element elementor-element-63ae9dd\" data-id=\"63ae9dd\" data-element_type=\"column\" data-e-type=\"column\">\n\t\t\t<div class=\"elementor-widget-wrap elementor-element-populated\">\n\t\t\t\t\t\t<div class=\"elementor-element elementor-element-0848850 elementor-position-top elementor-invisible elementor-widget elementor-widget-image-box\" data-id=\"0848850\" data-element_type=\"widget\" data-e-type=\"widget\" data-settings=\"{&quot;_animation&quot;:&quot;fadeIn&quot;}\" data-widget_type=\"image-box.default\">\n\t\t\t\t<div class=\"elementor-widget-container\">\n\t\t\t\t\t<div class=\"elementor-image-box-wrapper\"><figure class=\"elementor-image-box-img\"><img loading=\"lazy\" decoding=\"async\" width=\"220\" height=\"220\" src=\"https:\/\/softroutine.pt\/website\/wp-content\/uploads\/2023\/01\/133747.webp\" class=\"attachment-full size-full wp-image-12627\" alt=\"marcas softroutine\" srcset=\"https:\/\/softroutine.pt\/website\/wp-content\/uploads\/2023\/01\/133747.webp 220w, https:\/\/softroutine.pt\/website\/wp-content\/uploads\/2023\/01\/133747-150x150.webp 150w, https:\/\/softroutine.pt\/website\/wp-content\/uploads\/2023\/01\/133747-100x100.webp 100w\" sizes=\"(max-width: 220px) 100vw, 220px\" \/><\/figure><div class=\"elementor-image-box-content\"><p class=\"elementor-image-box-title\">Cabos<\/p><p class=\"elementor-image-box-description\">Cabos diversos<\/p><\/div><\/div>\t\t\t\t<\/div>\n\t\t\t\t<\/div>\n\t\t\t\t\t<\/div>\n\t\t<\/div>\n\t\t\t\t\t<\/div>\n\t\t<\/section>\n\t\t\t\t<section class=\"elementor-section elementor-top-section elementor-element elementor-element-e12f587 elementor-section-boxed elementor-section-height-default elementor-section-height-default\" data-id=\"e12f587\" data-element_type=\"section\" data-e-type=\"section\">\n\t\t\t\t\t\t<div class=\"elementor-container elementor-column-gap-default\">\n\t\t\t\t\t<div class=\"elementor-column elementor-col-33 elementor-top-column elementor-element elementor-element-ca748ce\" data-id=\"ca748ce\" data-element_type=\"column\" data-e-type=\"column\">\n\t\t\t<div class=\"elementor-widget-wrap elementor-element-populated\">\n\t\t\t\t\t\t<div class=\"elementor-element elementor-element-16c2c85 elementor-position-top elementor-widget elementor-widget-image-box\" data-id=\"16c2c85\" data-element_type=\"widget\" data-e-type=\"widget\" data-widget_type=\"image-box.default\">\n\t\t\t\t<div class=\"elementor-widget-container\">\n\t\t\t\t\t<div class=\"elementor-image-box-wrapper\"><figure class=\"elementor-image-box-img\"><img loading=\"lazy\" decoding=\"async\" width=\"220\" height=\"220\" src=\"https:\/\/softroutine.pt\/website\/wp-content\/uploads\/2023\/01\/465947.webp\" class=\"attachment-full size-full wp-image-12639\" alt=\"marcas softroutine\" srcset=\"https:\/\/softroutine.pt\/website\/wp-content\/uploads\/2023\/01\/465947.webp 220w, https:\/\/softroutine.pt\/website\/wp-content\/uploads\/2023\/01\/465947-150x150.webp 150w, https:\/\/softroutine.pt\/website\/wp-content\/uploads\/2023\/01\/465947-100x100.webp 100w\" sizes=\"(max-width: 220px) 100vw, 220px\" \/><\/figure><div class=\"elementor-image-box-content\"><p class=\"elementor-image-box-title\">Equipamento T.I.<\/p><p class=\"elementor-image-box-description\">Computadores, routers, etc<\/p><\/div><\/div>\t\t\t\t<\/div>\n\t\t\t\t<\/div>\n\t\t\t\t\t<\/div>\n\t\t<\/div>\n\t\t\t\t<div class=\"elementor-column elementor-col-33 elementor-top-column elementor-element elementor-element-cdbb87e\" data-id=\"cdbb87e\" data-element_type=\"column\" data-e-type=\"column\">\n\t\t\t<div class=\"elementor-widget-wrap elementor-element-populated\">\n\t\t\t\t\t\t<div class=\"elementor-element elementor-element-f2f785b elementor-position-top elementor-widget elementor-widget-image-box\" data-id=\"f2f785b\" data-element_type=\"widget\" data-e-type=\"widget\" data-widget_type=\"image-box.default\">\n\t\t\t\t<div class=\"elementor-widget-container\">\n\t\t\t\t\t<div class=\"elementor-image-box-wrapper\"><figure class=\"elementor-image-box-img\"><img loading=\"lazy\" decoding=\"async\" width=\"220\" height=\"220\" src=\"https:\/\/softroutine.pt\/website\/wp-content\/uploads\/2023\/01\/536574.webp\" class=\"attachment-full size-full wp-image-12637\" alt=\"marcas softroutine\" srcset=\"https:\/\/softroutine.pt\/website\/wp-content\/uploads\/2023\/01\/536574.webp 220w, https:\/\/softroutine.pt\/website\/wp-content\/uploads\/2023\/01\/536574-150x150.webp 150w, https:\/\/softroutine.pt\/website\/wp-content\/uploads\/2023\/01\/536574-100x100.webp 100w\" sizes=\"(max-width: 220px) 100vw, 220px\" \/><\/figure><div class=\"elementor-image-box-content\"><p class=\"elementor-image-box-title\">Acess\u00f3rios<\/p><p class=\"elementor-image-box-description\">Inform\u00e1tica<\/p><\/div><\/div>\t\t\t\t<\/div>\n\t\t\t\t<\/div>\n\t\t\t\t\t<\/div>\n\t\t<\/div>\n\t\t\t\t<div class=\"elementor-column elementor-col-33 elementor-top-column elementor-element elementor-element-f8f5bc4\" data-id=\"f8f5bc4\" data-element_type=\"column\" data-e-type=\"column\">\n\t\t\t<div class=\"elementor-widget-wrap elementor-element-populated\">\n\t\t\t\t\t\t<div class=\"elementor-element elementor-element-6996b30 elementor-position-top elementor-widget elementor-widget-image-box\" data-id=\"6996b30\" data-element_type=\"widget\" data-e-type=\"widget\" data-widget_type=\"image-box.default\">\n\t\t\t\t<div class=\"elementor-widget-container\">\n\t\t\t\t\t<div class=\"elementor-image-box-wrapper\"><figure class=\"elementor-image-box-img\"><img loading=\"lazy\" decoding=\"async\" width=\"220\" height=\"220\" src=\"https:\/\/softroutine.pt\/website\/wp-content\/uploads\/2023\/01\/505303.webp\" class=\"attachment-full size-full wp-image-12638\" alt=\"marcas softroutine\" srcset=\"https:\/\/softroutine.pt\/website\/wp-content\/uploads\/2023\/01\/505303.webp 220w, https:\/\/softroutine.pt\/website\/wp-content\/uploads\/2023\/01\/505303-150x150.webp 150w, https:\/\/softroutine.pt\/website\/wp-content\/uploads\/2023\/01\/505303-100x100.webp 100w\" sizes=\"(max-width: 220px) 100vw, 220px\" \/><\/figure><div class=\"elementor-image-box-content\"><p class=\"elementor-image-box-title\">Adaptadores<\/p><p class=\"elementor-image-box-description\">Adaptadores diversos<\/p><\/div><\/div>\t\t\t\t<\/div>\n\t\t\t\t<\/div>\n\t\t\t\t\t<\/div>\n\t\t<\/div>\n\t\t\t\t\t<\/div>\n\t\t<\/section>\n\t\t\t\t<section class=\"elementor-section elementor-top-section elementor-element elementor-element-7d8a69b elementor-section-boxed elementor-section-height-default elementor-section-height-default\" data-id=\"7d8a69b\" data-element_type=\"section\" data-e-type=\"section\">\n\t\t\t\t\t\t<div class=\"elementor-container elementor-column-gap-default\">\n\t\t\t\t\t<div class=\"elementor-column elementor-col-100 elementor-top-column elementor-element elementor-element-1c44edc\" data-id=\"1c44edc\" data-element_type=\"column\" data-e-type=\"column\">\n\t\t\t<div class=\"elementor-widget-wrap elementor-element-populated\">\n\t\t\t\t\t\t<div class=\"elementor-element elementor-element-dfd9fd4 elementor-align-center elementor-widget elementor-widget-button\" data-id=\"dfd9fd4\" data-element_type=\"widget\" data-e-type=\"widget\" data-widget_type=\"button.default\">\n\t\t\t\t<div class=\"elementor-widget-container\">\n\t\t\t\t\t\t\t\t\t<div class=\"elementor-button-wrapper\">\n\t\t\t\t\t<a class=\"elementor-button elementor-button-link elementor-size-sm\" href=\"https:\/\/softroutine.pt\/website\/contacto\/\">\n\t\t\t\t\t\t<span class=\"elementor-button-content-wrapper\">\n\t\t\t\t\t\t\t\t\t<span class=\"elementor-button-text\">Contacte-nos<\/span>\n\t\t\t\t\t<\/span>\n\t\t\t\t\t<\/a>\n\t\t\t\t<\/div>\n\t\t\t\t\t\t\t\t<\/div>\n\t\t\t\t<\/div>\n\t\t\t\t\t<\/div>\n\t\t<\/div>\n\t\t\t\t\t<\/div>\n\t\t<\/section>\n\t\t\t\t<\/div>\n\t\t","protected":false},"excerpt":{"rendered":"<p>Solu\u00e7\u00f5es: Apoio t\u00e9cnico Venda Instala\u00e7\u00e3o As solu\u00e7\u00f5es que temos para lhe oferecer Na Soft Routine analisamos as melhores solu\u00e7\u00f5es para as suas necessidades de equipamento. N\u00e3o queremos &#8220;vender por vender&#8221;.&hellip;<\/p>\n<p> <a class=\"more-link\" href=\"https:\/\/softroutine.pt\/website\/loja-produtos\/\">Read more<\/a><\/p>\n","protected":false},"author":1,"featured_media":0,"parent":0,"menu_order":0,"comment_status":"closed","ping_status":"closed","template":"","meta":{"footnotes":""},"class_list":["post-12619","page","type-page","status-publish"],"_links":{"self":[{"href":"https:\/\/softroutine.pt\/website\/wp-json\/wp\/v2\/pages\/12619","targetHints":{"allow":["GET"]}}],"collection":[{"href":"https:\/\/softroutine.pt\/website\/wp-json\/wp\/v2\/pages"}],"about":[{"href":"https:\/\/softroutine.pt\/website\/wp-json\/wp\/v2\/types\/page"}],"author":[{"embeddable":true,"href":"https:\/\/softroutine.pt\/website\/wp-json\/wp\/v2\/users\/1"}],"replies":[{"embeddable":true,"href":"https:\/\/softroutine.pt\/website\/wp-json\/wp\/v2\/comments?post=12619"}],"version-history":[{"count":27,"href":"https:\/\/softroutine.pt\/website\/wp-json\/wp\/v2\/pages\/12619\/revisions"}],"predecessor-version":[{"id":13293,"href":"https:\/\/softroutine.pt\/website\/wp-json\/wp\/v2\/pages\/12619\/revisions\/13293"}],"wp:attachment":[{"href":"https:\/\/softroutine.pt\/website\/wp-json\/wp\/v2\/media?parent=12619"}],"curies":[{"name":"wp","href":"https:\/\/api.w.org\/{rel}","templated":true}]}}